{"id":10548,"date":"2022-06-13T07:33:14","date_gmt":"2022-06-13T07:33:14","guid":{"rendered":"https:\/\/nordicstudio.ro\/?post_type=product&#038;p=10548"},"modified":"2026-03-31T08:22:48","modified_gmt":"2026-03-31T08:22:48","slug":"graco-mark-7-standard-aplicator-vopsea-si-glet-airless","status":"publish","type":"product","link":"https:\/\/nordicstudio.ro\/en\/produs\/graco-mark-7-standard-aplicator-vopsea-si-glet-airless\/","title":{"rendered":"GRACO Mark VII Standard &#8211; aplicator vopsea si glet airless"},"content":{"rendered":"<p><strong>Graco Mark VII<\/strong> este un pulverizator de vopsea de \u00eenalta performanta, care se potriveste \u00een special lucrarilor de dispersie (de exemplu, pereti, fatada), protectie \u00eempotriva incendiilor, vopsea de acoperis si glet. Max. capacitatea pompei: 6 l \/ min cu o presiune maxima de 230 bar.<\/p>\n<p><strong>Avantaj profesional<\/strong><\/p>\n<p>\u2022 Ideal pentru renovat locuin\u021be \u0219i proiecte comerciale mari pana in 500mp<\/p>\n<p>\u2022 Tehnologii Graco \u201cBig\u201d<\/p>\n<p>\u2022 Finaliza\u021bi fiecare lucrare, \u00een fiecare zi datorit\u0103 sistemului ProConnect \u2122 rapid de \u00eenlocuire a pompei<\/p>\n<p><strong>Presiune max. de lucru \u2013 bar (PSI)<\/strong> &#8211; 230bar<\/p>\n<p><strong>Debit max. \u2013 l\/min. (gpm)<\/strong>&#8211; 6 l \/ min<\/p>\n<p><strong>Dim. max. a duzei \u2013 1 gun<\/strong> &#8211; 0.047\u2033<\/p>\n<p><strong>Greutate<\/strong> &#8211; 50kg<\/p>\n<p><strong>In set:<\/strong><\/p>\n<ul>\n<li>Furtun BlueMax &#8211; 15m poate fi conectat maxim 45m<\/li>\n<li>Pistol<\/li>\n<li>Duza<\/li>\n<li>Set instrumente pentru mentenanta<\/li>\n<li>USB 2gb cu informatii<\/li>\n<li>Ulei TSL<\/li>\n<\/ul>\n<p>&nbsp;<\/p>\n<p>&nbsp;<\/p>\n","protected":false},"excerpt":{"rendered":"<p><strong>Avantaj profesional<\/strong><\/p>\n<ol>\n<li><span style=\"color: #ff0000;\"><strong>Ideal pentru renovat locuin\u021be \u0219i proiecte comerciale<\/strong><\/span><\/li>\n<li><span style=\"color: #ff0000;\"><strong>Tehnologii Graco \u201cBig\u201d\u00a0<\/strong><\/span><\/li>\n<li><span style=\"color: #ff0000;\"><strong>\u00a0Datorita sistemului WatchDog se obtine protectia pompei de vopsire la functionarea in gol, oprind motorul la terminarea vopselei<\/strong><\/span><\/li>\n<li><span style=\"color: #ff0000;\"><strong>Pompa Endurance ,garniturile VII-Max si cu pistonul cu tehnologia Chromex asigura o fiabilitate deosebita echipamentului;<\/strong><\/span><\/li>\n<\/ol>\n","protected":false},"featured_media":11267,"comment_status":"closed","ping_status":"closed","template":"","meta":{"_vp_format_video_url":"","_vp_image_focal_point":[]},"product_cat":[753,752],"product_tag":[],"class_list":{"0":"post-10548","1":"product","2":"type-product","3":"status-publish","4":"has-post-thumbnail","6":"product_cat-aplicatoare-airless","7":"product_cat-instrumente-electrice","8":"yith_product_brand-graco","10":"first","11":"instock","12":"taxable","13":"shipping-taxable","14":"purchasable","15":"product-type-simple"},"_links":{"self":[{"href":"https:\/\/nordicstudio.ro\/en\/wp-json\/wp\/v2\/product\/10548\/"}],"collection":[{"href":"https:\/\/nordicstudio.ro\/en\/wp-json\/wp\/v2\/product\/"}],"about":[{"href":"https:\/\/nordicstudio.ro\/en\/wp-json\/wp\/v2\/types\/product\/"}],"replies":[{"embeddable":true,"href":"https:\/\/nordicstudio.ro\/en\/wp-json\/wp\/v2\/comments\/?post=10548"}],"wp:featuredmedia":[{"embeddable":true,"href":"https:\/\/nordicstudio.ro\/en\/wp-json\/wp\/v2\/media\/11267\/"}],"wp:attachment":[{"href":"https:\/\/nordicstudio.ro\/en\/wp-json\/wp\/v2\/media\/?parent=10548"}],"wp:term":[{"taxonomy":"product_cat","embeddable":true,"href":"https:\/\/nordicstudio.ro\/en\/wp-json\/wp\/v2\/product_cat\/?post=10548"},{"taxonomy":"product_tag","embeddable":true,"href":"https:\/\/nordicstudio.ro\/en\/wp-json\/wp\/v2\/product_tag\/?post=10548"}],"curies":[{"name":"wp","href":"https:\/\/api.w.org\/{rel}","templated":true}]}}